{"id":731,"date":"2025-09-17T17:20:39","date_gmt":"2025-09-17T17:20:39","guid":{"rendered":"https:\/\/www.autoescuelatriangulo.com\/website\/?page_id=731"},"modified":"2026-04-16T20:39:22","modified_gmt":"2026-04-16T20:39:22","slug":"inicio","status":"publish","type":"page","link":"https:\/\/www.autoescuelatriangulo.com\/website\/","title":{"rendered":"Inicio"},"content":{"rendered":"<p>[vc_row type=\u00bbfull_width_background\u00bb top_padding=\u00bb72&#8243; bottom_padding=\u00bb30&#8243;][vc_column][block_title title=\u00bbNuestros servicios\u00bb]<span data-doc-id=\"4801079000003856103\" data-doc-type=\"writer\">Descubre todos los servicios que ponemos a tu disposici\u00f3n para aprender a conducir de manera segura y eficiente en Ponferrada y el Valle de Laciana.<\/span>[\/block_title][\/vc_column][\/vc_row][vc_row type=\u00bbfull_width_content\u00bb][vc_column][recent_portfolio space=\u00bbno_space\u00bb columns=\u00bb4&#8243; rows=\u00bb2&#8243;][\/vc_column][\/vc_row][vc_row][vc_column width=\u00bb5\/6&#8243;][block_title style=\u00bbcolumn_title\u00bb title=\u00bbC.A.P. (Certificado de Aptitud Profesional)\u00bb][\/block_title][\/vc_column][vc_column width=\u00bb1\/6&#8243;][media image=\u00bb254&#8243;][\/vc_column][\/vc_row]<\/p>\n","protected":false},"excerpt":{"rendered":"<p>[vc_row type=\u00bbfull_width_background\u00bb top_padding=\u00bb72&#8243; bottom_padding=\u00bb30&#8243;][vc_column][block_title title=\u00bbNuestros servicios\u00bb]Descubre todos los servicios que ponemos a tu disposici\u00f3n para aprender a conducir de manera segura y eficiente en Ponferrada y el Valle de Laciana.[\/block_title][\/vc_column][\/vc_row][vc_row type=\u00bbfull_width_content\u00bb][vc_column][recent_portfolio space=\u00bbno_space\u00bb columns=\u00bb4&#8243; rows=\u00bb2&#8243;][\/vc_column][\/vc_row][vc_row][vc_column width=\u00bb5\/6&#8243;][block_title style=\u00bbcolumn_title\u00bb title=\u00bbC.A.P. (Certificado de Aptitud Profesional)\u00bb][\/block_title][\/vc_column][vc_column width=\u00bb1\/6&#8243;][media image=\u00bb254&#8243;][\/vc_column][\/vc_row]<\/p>\n","protected":false},"author":2,"featured_media":0,"parent":0,"menu_order":0,"comment_status":"closed","ping_status":"closed","template":"","meta":{"footnotes":""},"class_list":["post-731","page","type-page","status-publish","hentry"],"yoast_head":"<!-- This site is optimized with the Yoast SEO plugin v25.9 - https:\/\/yoast.com\/wordpress\/plugins\/seo\/ -->\n<title>Autoescuela | Clases de Conducci\u00f3n y Carnet de Conducir<\/title>\n<meta name=\"description\" content=\"Obt\u00e9n tu carnet de conducir con Autoescuela Tri\u00e1ngulo en Ponferrada. Ofrecemos clases de conducci\u00f3n personalizadas.\" \/>\n<meta name=\"robots\" content=\"index, follow, max-snippet:-1, max-image-preview:large, max-video-preview:-1\" \/>\n<link rel=\"canonical\" href=\"https:\/\/www.autoescuelatriangulo.com\/website\/\" \/>\n<meta property=\"og:locale\" content=\"es_ES\" \/>\n<meta property=\"og:type\" content=\"article\" \/>\n<meta property=\"og:title\" content=\"Autoescuela | Clases de Conducci\u00f3n y Carnet de Conducir\" \/>\n<meta property=\"og:description\" content=\"Obt\u00e9n tu carnet de conducir con Autoescuela Tri\u00e1ngulo en Ponferrada. Ofrecemos clases de conducci\u00f3n personalizadas.\" \/>\n<meta property=\"og:url\" content=\"https:\/\/www.autoescuelatriangulo.com\/website\/\" \/>\n<meta property=\"og:site_name\" content=\"Autoescuela Tri\u00e1ngulo\" \/>\n<meta property=\"article:modified_time\" content=\"2026-04-16T20:39:22+00:00\" \/>\n<meta name=\"twitter:card\" content=\"summary_large_image\" \/>\n<meta name=\"twitter:label1\" content=\"Tiempo de lectura\" \/>\n\t<meta name=\"twitter:data1\" content=\"1 minuto\" \/>\n<script type=\"application\/ld+json\" class=\"yoast-schema-graph\">{\"@context\":\"https:\/\/schema.org\",\"@graph\":[{\"@type\":\"WebPage\",\"@id\":\"https:\/\/www.autoescuelatriangulo.com\/website\/\",\"url\":\"https:\/\/www.autoescuelatriangulo.com\/website\/\",\"name\":\"Autoescuela | Clases de Conducci\u00f3n y Carnet de Conducir\",\"isPartOf\":{\"@id\":\"https:\/\/www.autoescuelatriangulo.com\/website\/#website\"},\"datePublished\":\"2025-09-17T17:20:39+00:00\",\"dateModified\":\"2026-04-16T20:39:22+00:00\",\"description\":\"Obt\u00e9n tu carnet de conducir con Autoescuela Tri\u00e1ngulo en Ponferrada. Ofrecemos clases de conducci\u00f3n personalizadas.\",\"breadcrumb\":{\"@id\":\"https:\/\/www.autoescuelatriangulo.com\/website\/#breadcrumb\"},\"inLanguage\":\"es\",\"potentialAction\":[{\"@type\":\"ReadAction\",\"target\":[\"https:\/\/www.autoescuelatriangulo.com\/website\/\"]}]},{\"@type\":\"BreadcrumbList\",\"@id\":\"https:\/\/www.autoescuelatriangulo.com\/website\/#breadcrumb\",\"itemListElement\":[{\"@type\":\"ListItem\",\"position\":1,\"name\":\"Home\",\"item\":\"https:\/\/www.autoescuelatriangulo.com\/website\/\"},{\"@type\":\"ListItem\",\"position\":2,\"name\":\"Inicio\"}]},{\"@type\":\"WebSite\",\"@id\":\"https:\/\/www.autoescuelatriangulo.com\/website\/#website\",\"url\":\"https:\/\/www.autoescuelatriangulo.com\/website\/\",\"name\":\"Autoescuela Tri\u00e1ngulo\",\"description\":\"Autoescuela y formaci\u00f3n\",\"potentialAction\":[{\"@type\":\"SearchAction\",\"target\":{\"@type\":\"EntryPoint\",\"urlTemplate\":\"https:\/\/www.autoescuelatriangulo.com\/website\/?s={search_term_string}\"},\"query-input\":{\"@type\":\"PropertyValueSpecification\",\"valueRequired\":true,\"valueName\":\"search_term_string\"}}],\"inLanguage\":\"es\"}]}<\/script>\n<!-- \/ Yoast SEO plugin. -->","yoast_head_json":{"title":"Autoescuela | Clases de Conducci\u00f3n y Carnet de Conducir","description":"Obt\u00e9n tu carnet de conducir con Autoescuela Tri\u00e1ngulo en Ponferrada. Ofrecemos clases de conducci\u00f3n personalizadas.","robots":{"index":"index","follow":"follow","max-snippet":"max-snippet:-1","max-image-preview":"max-image-preview:large","max-video-preview":"max-video-preview:-1"},"canonical":"https:\/\/www.autoescuelatriangulo.com\/website\/","og_locale":"es_ES","og_type":"article","og_title":"Autoescuela | Clases de Conducci\u00f3n y Carnet de Conducir","og_description":"Obt\u00e9n tu carnet de conducir con Autoescuela Tri\u00e1ngulo en Ponferrada. Ofrecemos clases de conducci\u00f3n personalizadas.","og_url":"https:\/\/www.autoescuelatriangulo.com\/website\/","og_site_name":"Autoescuela Tri\u00e1ngulo","article_modified_time":"2026-04-16T20:39:22+00:00","twitter_card":"summary_large_image","twitter_misc":{"Tiempo de lectura":"1 minuto"},"schema":{"@context":"https:\/\/schema.org","@graph":[{"@type":"WebPage","@id":"https:\/\/www.autoescuelatriangulo.com\/website\/","url":"https:\/\/www.autoescuelatriangulo.com\/website\/","name":"Autoescuela | Clases de Conducci\u00f3n y Carnet de Conducir","isPartOf":{"@id":"https:\/\/www.autoescuelatriangulo.com\/website\/#website"},"datePublished":"2025-09-17T17:20:39+00:00","dateModified":"2026-04-16T20:39:22+00:00","description":"Obt\u00e9n tu carnet de conducir con Autoescuela Tri\u00e1ngulo en Ponferrada. Ofrecemos clases de conducci\u00f3n personalizadas.","breadcrumb":{"@id":"https:\/\/www.autoescuelatriangulo.com\/website\/#breadcrumb"},"inLanguage":"es","potentialAction":[{"@type":"ReadAction","target":["https:\/\/www.autoescuelatriangulo.com\/website\/"]}]},{"@type":"BreadcrumbList","@id":"https:\/\/www.autoescuelatriangulo.com\/website\/#breadcrumb","itemListElement":[{"@type":"ListItem","position":1,"name":"Home","item":"https:\/\/www.autoescuelatriangulo.com\/website\/"},{"@type":"ListItem","position":2,"name":"Inicio"}]},{"@type":"WebSite","@id":"https:\/\/www.autoescuelatriangulo.com\/website\/#website","url":"https:\/\/www.autoescuelatriangulo.com\/website\/","name":"Autoescuela Tri\u00e1ngulo","description":"Autoescuela y formaci\u00f3n","potentialAction":[{"@type":"SearchAction","target":{"@type":"EntryPoint","urlTemplate":"https:\/\/www.autoescuelatriangulo.com\/website\/?s={search_term_string}"},"query-input":{"@type":"PropertyValueSpecification","valueRequired":true,"valueName":"search_term_string"}}],"inLanguage":"es"}]}},"_links":{"self":[{"href":"https:\/\/www.autoescuelatriangulo.com\/website\/index.php?rest_route=\/wp\/v2\/pages\/731","targetHints":{"allow":["GET"]}}],"collection":[{"href":"https:\/\/www.autoescuelatriangulo.com\/website\/index.php?rest_route=\/wp\/v2\/pages"}],"about":[{"href":"https:\/\/www.autoescuelatriangulo.com\/website\/index.php?rest_route=\/wp\/v2\/types\/page"}],"author":[{"embeddable":true,"href":"https:\/\/www.autoescuelatriangulo.com\/website\/index.php?rest_route=\/wp\/v2\/users\/2"}],"replies":[{"embeddable":true,"href":"https:\/\/www.autoescuelatriangulo.com\/website\/index.php?rest_route=%2Fwp%2Fv2%2Fcomments&post=731"}],"version-history":[{"count":3,"href":"https:\/\/www.autoescuelatriangulo.com\/website\/index.php?rest_route=\/wp\/v2\/pages\/731\/revisions"}],"predecessor-version":[{"id":756,"href":"https:\/\/www.autoescuelatriangulo.com\/website\/index.php?rest_route=\/wp\/v2\/pages\/731\/revisions\/756"}],"wp:attachment":[{"href":"https:\/\/www.autoescuelatriangulo.com\/website\/index.php?rest_route=%2Fwp%2Fv2%2Fmedia&parent=731"}],"curies":[{"name":"wp","href":"https:\/\/api.w.org\/{rel}","templated":true}]}}