{"id":418,"date":"2018-09-26T09:26:44","date_gmt":"2018-09-26T09:26:44","guid":{"rendered":"http:\/\/www.autoescuelatriangulo.com\/website\/?page_id=418"},"modified":"2019-02-28T12:49:20","modified_gmt":"2019-02-28T12:49:20","slug":"test-online-2","status":"publish","type":"page","link":"https:\/\/www.autoescuelatriangulo.com\/website\/?page_id=418","title":{"rendered":"TEST ONLINE"},"content":{"rendered":"<p>[vc_row][vc_column][vc_row_inner][vc_column_inner width=\u00bb1\/2&#8243;][block_title title=\u00bbTEST ONLINE\u00bb]Con el fin de que pod\u00e1is practicar haciendo infinidad de test, os ofrecemos los siguientes enlaces (haz clic en cada uno de ellos para abrir la p\u00e1gina web con los test correspondientes):[\/block_title][vc_btn title=\u00bbTEST DE LA AUTOESCUELA TRIANGULO\u00bb color=\u00bbgreen\u00bb size=\u00bblg\u00bb align=\u00bbcenter\u00bb i_icon_fontawesome=\u00bbfa fa-star\u00bb add_icon=\u00bbtrue\u00bb link=\u00bburl:https%3A%2F%2Fcloud.aeolservice.es%2F|||\u00bb][\/vc_column_inner][vc_column_inner width=\u00bb1\/2&#8243;][media image=\u00bb419&#8243;][\/vc_column_inner][\/vc_row_inner][vc_row_inner][vc_column_inner][block_title style=\u00bbcolumn_title\u00bb title=\u00bbRECOMENDADO POR LA AUTOESCUELA\u00bb][\/block_title][vc_column_text]<\/p>\n<ul>\n<li><span style=\"color: 0blue\\&quot;;\"><a title=\"Abrir en ventana nueva\" href=\"https:\/\/sedeapl.dgt.gob.es\/WEB_EXAM_AUTO\/examen\/\" target=\"_blank\" rel=\"noopener noreferrer\">Direcci\u00f3n General de Tr\u00e1fico: TEST ONLINE<\/a><\/span><\/li>\n<li><span style=\"color: 0blue\\&quot;;\"><a title=\"Abrir en ventana nueva\" href=\"https:\/\/sedeapl.dgt.gob.es\/WEB_EXAM_AUTO\/service\/TiposExamenesServlet\" target=\"_blank\" rel=\"noopener noreferrer\">Direcci\u00f3n General de Tr\u00e1fico: TEST PARA RECUPERACI\u00d3N DE PUNTOS<\/a><\/span><\/li>\n<li><span style=\"color: 0blue\\&quot;;\"><a title=\"Abrir en ventana nueva\" href=\"https:\/\/sedeapl.dgt.gob.es\/WEB_EXAM_AUTO\/service\/TiposExamenesServlet\" target=\"_blank\" rel=\"noopener noreferrer\">Direcci\u00f3n General de Tr\u00e1fico: AUTO-EVALUACI\u00d3N<\/a><\/span><\/li>\n<li><span style=\"color: 0blue\\&quot;;\"><a href=\"https:\/\/sede.fomento.gob.es\/SEDE_ELECTRONICA\/LANG_CASTELLANO\/OFICINAS_SECTORIALES\/TTE_CTRA\/GESTION_FORMACION\/\" target=\"_blank\" rel=\"noopener noreferrer\">Ex\u00e1menes de formaci\u00f3n de conductores profesionales (CAP)<\/a><\/span><\/li>\n<li><span style=\"color: 0blue\\&quot;;\"><a title=\"Abrir en ventana nueva\" href=\"http:\/\/www.texamina.com\/\" target=\"_blank\" rel=\"noopener noreferrer\">Test Online para CAP<\/a><\/span><\/li>\n<li><span style=\"color: 0blue\\&quot;;\"><a title=\"Abrir en ventana nueva\" href=\"http:\/\/www.todotest.com\/\" target=\"_blank\" rel=\"noopener noreferrer\">Test para Todos los Permisos<\/a><\/span><\/li>\n<\/ul>\n<p>[\/vc_column_text][block_title style=\u00bbcolumn_title\u00bb title=\u00bbAGENCIA DE COLOCACION AUTOESCUELA TRIANGULO\u00bb second_title=\u00bbOtros enlaces:\u00bb][\/block_title][vc_column_text]<\/p>\n<ul>\n<li><span style=\"color: 0blue\\&quot;;\"><a title=\"Abrir en ventana nueva\" href=\"https:\/\/sede.dgt.gob.es\/es\/tramites-y-multas\/permiso-de-conduccion\/notas-de-examen\/\" target=\"_blank\" rel=\"noopener noreferrer\">Consultar calificaci\u00f3n del examen te\u00f3rico<\/a><\/span><\/li>\n<li><span style=\"color: 0blue\\&quot;;\"><a title=\"Abrir en ventana nueva\" href=\"http:\/\/www.dgt.es\/es\/\" target=\"_blank\" rel=\"noopener noreferrer\">P\u00e1gina de la Direcci\u00f3n General de Trafico DGT<\/a><\/span><\/li>\n<li><span style=\"color: 0blue\\&quot;;\"><a title=\"Abrir en ventana nueva\" href=\"https:\/\/sede.dgt.gob.es\/es\/tramites-y-multas\/permiso-por-puntos\/\" target=\"_blank\" rel=\"noopener noreferrer\">Informaci\u00f3n sobre el permiso por puntos<\/a><\/span><\/li>\n<li><span style=\"color: 0blue\\&quot;;\"><a title=\"Abrir en ventana nueva\" href=\"http:\/\/www.carreterasytransportes.jcyl.es\/web\/jcyl\/CarreterasTransportes\/es\/Plantilla100\/1284369569317\/_\/_\/_\" target=\"_blank\" rel=\"noopener noreferrer\">Pruebas para la obtenci\u00f3n o renovaci\u00f3n del certificado de capacitaci\u00f3n profesional de los \u00a0\u00a0\u00a0\u00a0CONSEJEROS de SEGURIDAD para el transporte de mercanc\u00edas peligrosas por carretera JCyL<\/a><\/span><\/li>\n<\/ul>\n<p>[\/vc_column_text][vc_empty_space height=\u00bb30px\u00bb][\/vc_column_inner][\/vc_row_inner][vc_cta h2=\u00bb\u00bb color=\u00bbgreen\u00bb add_icon=\u00bbleft\u00bb i_icon_fontawesome=\u00bbfa fa-exclamation-triangle\u00bb i_color=\u00bbcustom\u00bb i_custom_color=\u00bb#fe0002&#8243;]<strong>NOTA:<\/strong>\u00a0La Autoescuela Tri\u00e1ngulo no se responsabiliza de los errores que puedan mostrar los ejercicios expuestos en los anteriores enlaces a p\u00e1ginas de Test de ayuda para los diferentes permisos.[\/vc_cta][\/vc_column][\/vc_row]<\/p>\n","protected":false},"excerpt":{"rendered":"<p>[vc_row][vc_column][vc_row_inner][vc_column_inner width=\u00bb1\/2&#8243;][block_title title=\u00bbTEST ONLINE\u00bb]Con el fin de que pod\u00e1is practicar haciendo infinidad de test, os ofrecemos los siguientes enlaces (haz clic en cada uno de ellos para abrir la p\u00e1gina web con los test correspondientes):[\/block_title][vc_btn title=\u00bbTEST DE LA AUTOESCUELA TRIANGULO\u00bb color=\u00bbgreen\u00bb size=\u00bblg\u00bb align=\u00bbcenter\u00bb i_icon_fontawesome=\u00bbfa fa-star\u00bb add_icon=\u00bbtrue\u00bb link=\u00bburl:https%3A%2F%2Fcloud.aeolservice.es%2F|||\u00bb][\/vc_column_inner][vc_column_inner width=\u00bb1\/2&#8243;][media image=\u00bb419&#8243;][\/vc_column_inner][\/vc_row_inner][vc_row_inner][vc_column_inner][block_title style=\u00bbcolumn_title\u00bb title=\u00bbRECOMENDADO POR LA AUTOESCUELA\u00bb][\/block_title][vc_column_text] Direcci\u00f3n [&hellip;]<\/p>\n","protected":false},"author":1,"featured_media":0,"parent":0,"menu_order":0,"comment_status":"closed","ping_status":"closed","template":"","meta":{"footnotes":""},"class_list":["post-418","page","type-page","status-publish","hentry"],"yoast_head":"<!-- This site is optimized with the Yoast SEO plugin v25.9 - https:\/\/yoast.com\/wordpress\/plugins\/seo\/ -->\n<title>TEST ONLINE - Autoescuela Tri\u00e1ngulo<\/title>\n<meta name=\"robots\" content=\"index, follow, max-snippet:-1, max-image-preview:large, max-video-preview:-1\" \/>\n<link rel=\"canonical\" href=\"https:\/\/www.autoescuelatriangulo.com\/website\/?page_id=418\" \/>\n<meta property=\"og:locale\" content=\"es_ES\" \/>\n<meta property=\"og:type\" content=\"article\" \/>\n<meta property=\"og:title\" content=\"TEST ONLINE - Autoescuela Tri\u00e1ngulo\" \/>\n<meta property=\"og:description\" content=\"[vc_row][vc_column][vc_row_inner][vc_column_inner width=\u00bb1\/2&#8243;][block_title title=\u00bbTEST ONLINE\u00bb]Con el fin de que pod\u00e1is practicar haciendo infinidad de test, os ofrecemos los siguientes enlaces (haz clic en cada uno de ellos para abrir la p\u00e1gina web con los test correspondientes):[\/block_title][vc_btn title=\u00bbTEST DE LA AUTOESCUELA TRIANGULO\u00bb color=\u00bbgreen\u00bb size=\u00bblg\u00bb align=\u00bbcenter\u00bb i_icon_fontawesome=\u00bbfa fa-star\u00bb add_icon=\u00bbtrue\u00bb link=\u00bburl:https%3A%2F%2Fcloud.aeolservice.es%2F|||\u00bb][\/vc_column_inner][vc_column_inner width=\u00bb1\/2&#8243;][media image=\u00bb419&#8243;][\/vc_column_inner][\/vc_row_inner][vc_row_inner][vc_column_inner][block_title style=\u00bbcolumn_title\u00bb title=\u00bbRECOMENDADO POR LA AUTOESCUELA\u00bb][\/block_title][vc_column_text] Direcci\u00f3n [&hellip;]\" \/>\n<meta property=\"og:url\" content=\"https:\/\/www.autoescuelatriangulo.com\/website\/?page_id=418\" \/>\n<meta property=\"og:site_name\" content=\"Autoescuela Tri\u00e1ngulo\" \/>\n<meta property=\"article:modified_time\" content=\"2019-02-28T12:49:20+00:00\" \/>\n<meta name=\"twitter:card\" content=\"summary_large_image\" \/>\n<meta name=\"twitter:label1\" content=\"Tiempo de lectura\" \/>\n\t<meta name=\"twitter:data1\" content=\"2 minutos\" \/>\n<script type=\"application\/ld+json\" class=\"yoast-schema-graph\">{\"@context\":\"https:\/\/schema.org\",\"@graph\":[{\"@type\":\"WebPage\",\"@id\":\"https:\/\/www.autoescuelatriangulo.com\/website\/?page_id=418\",\"url\":\"https:\/\/www.autoescuelatriangulo.com\/website\/?page_id=418\",\"name\":\"TEST ONLINE - Autoescuela Tri\u00e1ngulo\",\"isPartOf\":{\"@id\":\"https:\/\/www.autoescuelatriangulo.com\/website\/#website\"},\"datePublished\":\"2018-09-26T09:26:44+00:00\",\"dateModified\":\"2019-02-28T12:49:20+00:00\",\"breadcrumb\":{\"@id\":\"https:\/\/www.autoescuelatriangulo.com\/website\/?page_id=418#breadcrumb\"},\"inLanguage\":\"es\",\"potentialAction\":[{\"@type\":\"ReadAction\",\"target\":[\"https:\/\/www.autoescuelatriangulo.com\/website\/?page_id=418\"]}]},{\"@type\":\"BreadcrumbList\",\"@id\":\"https:\/\/www.autoescuelatriangulo.com\/website\/?page_id=418#breadcrumb\",\"itemListElement\":[{\"@type\":\"ListItem\",\"position\":1,\"name\":\"Home\",\"item\":\"https:\/\/www.autoescuelatriangulo.com\/website\/\"},{\"@type\":\"ListItem\",\"position\":2,\"name\":\"TEST ONLINE\"}]},{\"@type\":\"WebSite\",\"@id\":\"https:\/\/www.autoescuelatriangulo.com\/website\/#website\",\"url\":\"https:\/\/www.autoescuelatriangulo.com\/website\/\",\"name\":\"Autoescuela Tri\u00e1ngulo\",\"description\":\"Autoescuela y formaci\u00f3n\",\"potentialAction\":[{\"@type\":\"SearchAction\",\"target\":{\"@type\":\"EntryPoint\",\"urlTemplate\":\"https:\/\/www.autoescuelatriangulo.com\/website\/?s={search_term_string}\"},\"query-input\":{\"@type\":\"PropertyValueSpecification\",\"valueRequired\":true,\"valueName\":\"search_term_string\"}}],\"inLanguage\":\"es\"}]}<\/script>\n<!-- \/ Yoast SEO plugin. -->","yoast_head_json":{"title":"TEST ONLINE - Autoescuela Tri\u00e1ngulo","robots":{"index":"index","follow":"follow","max-snippet":"max-snippet:-1","max-image-preview":"max-image-preview:large","max-video-preview":"max-video-preview:-1"},"canonical":"https:\/\/www.autoescuelatriangulo.com\/website\/?page_id=418","og_locale":"es_ES","og_type":"article","og_title":"TEST ONLINE - Autoescuela Tri\u00e1ngulo","og_description":"[vc_row][vc_column][vc_row_inner][vc_column_inner width=\u00bb1\/2&#8243;][block_title title=\u00bbTEST ONLINE\u00bb]Con el fin de que pod\u00e1is practicar haciendo infinidad de test, os ofrecemos los siguientes enlaces (haz clic en cada uno de ellos para abrir la p\u00e1gina web con los test correspondientes):[\/block_title][vc_btn title=\u00bbTEST DE LA AUTOESCUELA TRIANGULO\u00bb color=\u00bbgreen\u00bb size=\u00bblg\u00bb align=\u00bbcenter\u00bb i_icon_fontawesome=\u00bbfa fa-star\u00bb add_icon=\u00bbtrue\u00bb link=\u00bburl:https%3A%2F%2Fcloud.aeolservice.es%2F|||\u00bb][\/vc_column_inner][vc_column_inner width=\u00bb1\/2&#8243;][media image=\u00bb419&#8243;][\/vc_column_inner][\/vc_row_inner][vc_row_inner][vc_column_inner][block_title style=\u00bbcolumn_title\u00bb title=\u00bbRECOMENDADO POR LA AUTOESCUELA\u00bb][\/block_title][vc_column_text] Direcci\u00f3n [&hellip;]","og_url":"https:\/\/www.autoescuelatriangulo.com\/website\/?page_id=418","og_site_name":"Autoescuela Tri\u00e1ngulo","article_modified_time":"2019-02-28T12:49:20+00:00","twitter_card":"summary_large_image","twitter_misc":{"Tiempo de lectura":"2 minutos"},"schema":{"@context":"https:\/\/schema.org","@graph":[{"@type":"WebPage","@id":"https:\/\/www.autoescuelatriangulo.com\/website\/?page_id=418","url":"https:\/\/www.autoescuelatriangulo.com\/website\/?page_id=418","name":"TEST ONLINE - Autoescuela Tri\u00e1ngulo","isPartOf":{"@id":"https:\/\/www.autoescuelatriangulo.com\/website\/#website"},"datePublished":"2018-09-26T09:26:44+00:00","dateModified":"2019-02-28T12:49:20+00:00","breadcrumb":{"@id":"https:\/\/www.autoescuelatriangulo.com\/website\/?page_id=418#breadcrumb"},"inLanguage":"es","potentialAction":[{"@type":"ReadAction","target":["https:\/\/www.autoescuelatriangulo.com\/website\/?page_id=418"]}]},{"@type":"BreadcrumbList","@id":"https:\/\/www.autoescuelatriangulo.com\/website\/?page_id=418#breadcrumb","itemListElement":[{"@type":"ListItem","position":1,"name":"Home","item":"https:\/\/www.autoescuelatriangulo.com\/website\/"},{"@type":"ListItem","position":2,"name":"TEST ONLINE"}]},{"@type":"WebSite","@id":"https:\/\/www.autoescuelatriangulo.com\/website\/#website","url":"https:\/\/www.autoescuelatriangulo.com\/website\/","name":"Autoescuela Tri\u00e1ngulo","description":"Autoescuela y formaci\u00f3n","potentialAction":[{"@type":"SearchAction","target":{"@type":"EntryPoint","urlTemplate":"https:\/\/www.autoescuelatriangulo.com\/website\/?s={search_term_string}"},"query-input":{"@type":"PropertyValueSpecification","valueRequired":true,"valueName":"search_term_string"}}],"inLanguage":"es"}]}},"_links":{"self":[{"href":"https:\/\/www.autoescuelatriangulo.com\/website\/index.php?rest_route=\/wp\/v2\/pages\/418","targetHints":{"allow":["GET"]}}],"collection":[{"href":"https:\/\/www.autoescuelatriangulo.com\/website\/index.php?rest_route=\/wp\/v2\/pages"}],"about":[{"href":"https:\/\/www.autoescuelatriangulo.com\/website\/index.php?rest_route=\/wp\/v2\/types\/page"}],"author":[{"embeddable":true,"href":"https:\/\/www.autoescuelatriangulo.com\/website\/index.php?rest_route=\/wp\/v2\/users\/1"}],"replies":[{"embeddable":true,"href":"https:\/\/www.autoescuelatriangulo.com\/website\/index.php?rest_route=%2Fwp%2Fv2%2Fcomments&post=418"}],"version-history":[{"count":19,"href":"https:\/\/www.autoescuelatriangulo.com\/website\/index.php?rest_route=\/wp\/v2\/pages\/418\/revisions"}],"predecessor-version":[{"id":724,"href":"https:\/\/www.autoescuelatriangulo.com\/website\/index.php?rest_route=\/wp\/v2\/pages\/418\/revisions\/724"}],"wp:attachment":[{"href":"https:\/\/www.autoescuelatriangulo.com\/website\/index.php?rest_route=%2Fwp%2Fv2%2Fmedia&parent=418"}],"curies":[{"name":"wp","href":"https:\/\/api.w.org\/{rel}","templated":true}]}}