{"id":196,"date":"2018-09-14T09:04:38","date_gmt":"2018-09-14T09:04:38","guid":{"rendered":"http:\/\/www.autoescuelatriangulo.com\/website\/?page_id=196"},"modified":"2019-02-28T16:43:16","modified_gmt":"2019-02-28T16:43:16","slug":"donde-estamos","status":"publish","type":"page","link":"https:\/\/www.autoescuelatriangulo.com\/website\/?page_id=196","title":{"rendered":"Donde estamos"},"content":{"rendered":"<p>[vc_row bg_image=\u00bb353&#8243; bg_position=\u00bbcenter center\u00bb][vc_column width=\u00bb2\/3&#8243;][vc_tta_tabs][vc_tta_section i_icon_fontawesome=\u00bbfa fa-globe\u00bb add_icon=\u00bbtrue\u00bb title=\u00bbVILLABLINO\u00bb tab_id=\u00bb1536768177545-99c69d4f-e72e\u00bb][vc_column_text]<\/p>\n<table class=\"direccion\" style=\"height: 56px;\" width=\"516\">\n<tbody>\n<tr>\n<td>\n<h1>C\/ Leitariegos, 19<\/h1>\n<p>24100 Villablino (Le\u00f3n)<strong><br \/>\nTel\u00e9fono: 987 470 293<\/strong><\/td>\n<td><\/td>\n<\/tr>\n<\/tbody>\n<\/table>\n<table class=\"horarios\">\n<tbody>\n<tr>\n<td class=\"resaltado\">ATENCI\u00d3N AL CLIENTE<\/td>\n<td>10:00 &#8211; 13:00<\/td>\n<td>16:00 &#8211; 21:00<\/td>\n<td><\/td>\n<\/tr>\n<tr>\n<td class=\"resaltado\">CLASES TE\u00d3RICAS<\/td>\n<td>10:30 &#8211; 11:30<\/td>\n<td>17:00 &#8211; 18:00<\/td>\n<\/tr>\n<tr>\n<td class=\"resaltado\">CLASES PR\u00c1CTICAS<\/td>\n<td>07:00 &#8211; 22:00 Ininterrumpido<\/td>\n<td><\/td>\n<td><\/td>\n<\/tr>\n<\/tbody>\n<\/table>\n<p>[\/vc_column_text][button title=\u00bbVER MAPA \u00bb link=\u00bbhttps:\/\/www.google.es\/maps?q=Calle+de+los+Leitariegos,+9,+Villablino&amp;hl=es&amp;ie=UTF8&amp;sll=43.176796,-6.213493&amp;sspn=0.605879,1.234589&amp;oq=CALLE+LEITARIEGOS,+9,+VILLablino&amp;hnear=Calle+de+los+Leitariegos,+9,+24100+Villablino,+Le%C3%B3n,+Castilla+y+Le%C3%B3n&amp;t=m&amp;z=16&#8243; icon=\u00bbsteadysets-icon-search\u00bb][media image=\u00bb555&#8243;][\/vc_tta_section][vc_tta_section i_icon_fontawesome=\u00bbfa fa-globe\u00bb add_icon=\u00bbtrue\u00bb title=\u00bbPONFERRADA\u00bb tab_id=\u00bb1536768177560-26dc2f48-f1f7&#8243;][vc_column_text]<\/p>\n<table class=\"direccion\">\n<tbody>\n<tr>\n<td>\n<h1>C\/ Doctor Mara\u00f1on, 7 Bajo<\/h1>\n<p>24400 &#8211; Ponferrada (Le\u00f3n)<strong><br \/>\nTel\u00e9fono: 987 097 688<\/strong><\/td>\n<td><\/td>\n<\/tr>\n<\/tbody>\n<\/table>\n<table class=\"horarios\">\n<tbody>\n<tr>\n<td class=\"resaltado\">ATENCI\u00d3N AL CLIENTE<\/td>\n<td>10:00 &#8211; 13:00<\/td>\n<td>16:00 &#8211; 20:00<\/td>\n<td><\/td>\n<\/tr>\n<tr>\n<td class=\"resaltado\">CLASES TE\u00d3RICAS<\/td>\n<td>11:00 &#8211; 12:00<\/td>\n<td>17:00 &#8211; 18:00<\/td>\n<\/tr>\n<tr>\n<td class=\"resaltado\">CLASES PR\u00c1CTICAS<\/td>\n<td>07:00 &#8211; 22:00 Ininterrumpido<\/td>\n<td><\/td>\n<td><\/td>\n<\/tr>\n<\/tbody>\n<\/table>\n<p>[\/vc_column_text][media image=\u00bb690&#8243;][\/vc_tta_section][vc_tta_section i_icon_fontawesome=\u00bbfa fa-globe\u00bb add_icon=\u00bbtrue\u00bb title=\u00bbTORENO\u00bb tab_id=\u00bb1536768508341-71555cd0-787a\u00bb][vc_column_text]<\/p>\n<table class=\"direccion\">\n<tbody>\n<tr>\n<td>\n<h1>Avda. Asturias, 1<\/h1>\n<p>24450 &#8211; Toreno (Le\u00f3n)<strong><br \/>\nTel\u00e9fono: 987 533 067<\/strong><\/td>\n<td><\/td>\n<\/tr>\n<\/tbody>\n<\/table>\n<p>[\/vc_column_text][button title=\u00bbVER MAPA\u00bb link=\u00bbhttps:\/\/www.google.es\/maps?q=Avenida+de+Asturias,+1,+Toreno&amp;hl=es&amp;ie=UTF8&amp;sll=42.555435,-6.60141&amp;sspn=0.009563,0.01929&amp;hnear=Av+de+las+Asturias,+1,+24450+Toreno,+Le%C3%B3n,+Castilla+y+Le%C3%B3n&amp;t=m&amp;z=16&#8243; icon=\u00bbsteadysets-icon-search\u00bb][media shadow=\u00bbno\u00bb image=\u00bb554&#8243;][\/vc_tta_section][vc_tta_section i_icon_fontawesome=\u00bbfa fa-globe\u00bb add_icon=\u00bbtrue\u00bb title=\u00bbVILLAFRANCA DEL BIERZO\u00bb tab_id=\u00bb1538553662429-873c7053-b98b\u00bb][vc_column_text]<\/p>\n<table class=\"direccion\">\n<tbody>\n<tr>\n<td>\n<h1>C\/ Antonio Pereira, 3<\/h1>\n<p>24500 &#8211; Villafranca del Bierzo (Le\u00f3n)<strong><br \/>\nTel\u00e9fono: 987 542 367<\/strong><\/td>\n<td><\/td>\n<\/tr>\n<\/tbody>\n<\/table>\n<table class=\"horarios\">\n<tbody>\n<tr>\n<td class=\"resaltado\">ATENCI\u00d3N AL CLIENTE<\/td>\n<td>10:00 &#8211; 13:00<\/td>\n<td>16:00 &#8211; 20:00<\/td>\n<td><\/td>\n<\/tr>\n<tr>\n<td class=\"resaltado\">CLASES TE\u00d3RICAS<\/td>\n<td>11:00 &#8211; 12:0<\/td>\n<td>17:00 &#8211; 18:00<\/td>\n<\/tr>\n<tr>\n<td class=\"resaltado\">CLASES PR\u00c1CTICAS<\/td>\n<td>07:00 &#8211; 22:00 Ininterrumpido<\/td>\n<td><\/td>\n<td><\/td>\n<\/tr>\n<\/tbody>\n<\/table>\n<p>[\/vc_column_text][button title=\u00bbVer mapa\u00bb link=\u00bbhttps:\/\/www.google.es\/maps\/place\/Calle+Antonio+Pereira,+3,+24500+Villafranca+del+Bierzo,+Le%C3%B3n\/@42.610035,-6.8096225,17z\/data=!3m1!4b1!4m5!3m4!1s0xd3094446594f1f7:0xf7bb0d7aa71b5ee1!8m2!3d42.610035!4d-6.8074338&#8243; icon=\u00bbicon-search\u00bb][media image=\u00bb556&#8243;][\/vc_tta_section][\/vc_tta_tabs][\/vc_column][vc_column width=\u00bb1\/3&#8243;][vc_empty_space height=\u00bb80px\u00bb][media animation=\u00bbright\u00bb image=\u00bb100&#8243;][\/vc_column][\/vc_row][vc_row][vc_column][\/vc_column][\/vc_row]<\/p>\n","protected":false},"excerpt":{"rendered":"<p>[vc_row bg_image=\u00bb353&#8243; bg_position=\u00bbcenter center\u00bb][vc_column width=\u00bb2\/3&#8243;][vc_tta_tabs][vc_tta_section i_icon_fontawesome=\u00bbfa fa-globe\u00bb add_icon=\u00bbtrue\u00bb title=\u00bbVILLABLINO\u00bb tab_id=\u00bb1536768177545-99c69d4f-e72e\u00bb][vc_column_text] C\/ Leitariegos, 19 24100 Villablino (Le\u00f3n) Tel\u00e9fono: 987 470 293 ATENCI\u00d3N AL CLIENTE 10:00 &#8211; 13:00 16:00 &#8211; 21:00 CLASES TE\u00d3RICAS 10:30 &#8211; 11:30 17:00 &#8211; 18:00 CLASES PR\u00c1CTICAS 07:00 &#8211; 22:00 Ininterrumpido [\/vc_column_text][button title=\u00bbVER MAPA \u00bb link=\u00bbhttps:\/\/www.google.es\/maps?q=Calle+de+los+Leitariegos,+9,+Villablino&amp;hl=es&amp;ie=UTF8&amp;sll=43.176796,-6.213493&amp;sspn=0.605879,1.234589&amp;oq=CALLE+LEITARIEGOS,+9,+VILLablino&amp;hnear=Calle+de+los+Leitariegos,+9,+24100+Villablino,+Le%C3%B3n,+Castilla+y+Le%C3%B3n&amp;t=m&amp;z=16&#8243; icon=\u00bbsteadysets-icon-search\u00bb][media image=\u00bb555&#8243;][\/vc_tta_section][vc_tta_section i_icon_fontawesome=\u00bbfa fa-globe\u00bb add_icon=\u00bbtrue\u00bb title=\u00bbPONFERRADA\u00bb tab_id=\u00bb1536768177560-26dc2f48-f1f7&#8243;][vc_column_text] [&hellip;]<\/p>\n","protected":false},"author":1,"featured_media":0,"parent":0,"menu_order":0,"comment_status":"closed","ping_status":"closed","template":"","meta":{"footnotes":""},"class_list":["post-196","page","type-page","status-publish","hentry"],"yoast_head":"<!-- This site is optimized with the Yoast SEO plugin v25.9 - https:\/\/yoast.com\/wordpress\/plugins\/seo\/ -->\n<title>Donde estamos - Autoescuela Tri\u00e1ngulo<\/title>\n<meta name=\"robots\" content=\"index, follow, max-snippet:-1, max-image-preview:large, max-video-preview:-1\" \/>\n<link rel=\"canonical\" href=\"http:\/\/www.autoescuelatriangulo.com\/website\/?page_id=196\" \/>\n<meta property=\"og:locale\" content=\"es_ES\" \/>\n<meta property=\"og:type\" content=\"article\" \/>\n<meta property=\"og:title\" content=\"Donde estamos - Autoescuela Tri\u00e1ngulo\" \/>\n<meta property=\"og:description\" content=\"[vc_row bg_image=\u00bb353&#8243; bg_position=\u00bbcenter center\u00bb][vc_column width=\u00bb2\/3&#8243;][vc_tta_tabs][vc_tta_section i_icon_fontawesome=\u00bbfa fa-globe\u00bb add_icon=\u00bbtrue\u00bb title=\u00bbVILLABLINO\u00bb tab_id=\u00bb1536768177545-99c69d4f-e72e\u00bb][vc_column_text] C\/ Leitariegos, 19 24100 Villablino (Le\u00f3n) Tel\u00e9fono: 987 470 293 ATENCI\u00d3N AL CLIENTE 10:00 &#8211; 13:00 16:00 &#8211; 21:00 CLASES TE\u00d3RICAS 10:30 &#8211; 11:30 17:00 &#8211; 18:00 CLASES PR\u00c1CTICAS 07:00 &#8211; 22:00 Ininterrumpido [\/vc_column_text][button title=\u00bbVER MAPA \u00bb link=\u00bbhttps:\/\/www.google.es\/maps?q=Calle+de+los+Leitariegos,+9,+Villablino&amp;hl=es&amp;ie=UTF8&amp;sll=43.176796,-6.213493&amp;sspn=0.605879,1.234589&amp;oq=CALLE+LEITARIEGOS,+9,+VILLablino&amp;hnear=Calle+de+los+Leitariegos,+9,+24100+Villablino,+Le%C3%B3n,+Castilla+y+Le%C3%B3n&amp;t=m&amp;z=16&#8243; icon=\u00bbsteadysets-icon-search\u00bb][media image=\u00bb555&#8243;][\/vc_tta_section][vc_tta_section i_icon_fontawesome=\u00bbfa fa-globe\u00bb add_icon=\u00bbtrue\u00bb title=\u00bbPONFERRADA\u00bb tab_id=\u00bb1536768177560-26dc2f48-f1f7&#8243;][vc_column_text] [&hellip;]\" \/>\n<meta property=\"og:url\" content=\"http:\/\/www.autoescuelatriangulo.com\/website\/?page_id=196\" \/>\n<meta property=\"og:site_name\" content=\"Autoescuela Tri\u00e1ngulo\" \/>\n<meta property=\"article:modified_time\" content=\"2019-02-28T16:43:16+00:00\" \/>\n<meta name=\"twitter:card\" content=\"summary_large_image\" \/>\n<meta name=\"twitter:label1\" content=\"Tiempo de lectura\" \/>\n\t<meta name=\"twitter:data1\" content=\"2 minutos\" \/>\n<script type=\"application\/ld+json\" class=\"yoast-schema-graph\">{\"@context\":\"https:\/\/schema.org\",\"@graph\":[{\"@type\":\"WebPage\",\"@id\":\"http:\/\/www.autoescuelatriangulo.com\/website\/?page_id=196\",\"url\":\"http:\/\/www.autoescuelatriangulo.com\/website\/?page_id=196\",\"name\":\"Donde estamos - Autoescuela Tri\u00e1ngulo\",\"isPartOf\":{\"@id\":\"https:\/\/www.autoescuelatriangulo.com\/website\/#website\"},\"datePublished\":\"2018-09-14T09:04:38+00:00\",\"dateModified\":\"2019-02-28T16:43:16+00:00\",\"breadcrumb\":{\"@id\":\"http:\/\/www.autoescuelatriangulo.com\/website\/?page_id=196#breadcrumb\"},\"inLanguage\":\"es\",\"potentialAction\":[{\"@type\":\"ReadAction\",\"target\":[\"http:\/\/www.autoescuelatriangulo.com\/website\/?page_id=196\"]}]},{\"@type\":\"BreadcrumbList\",\"@id\":\"http:\/\/www.autoescuelatriangulo.com\/website\/?page_id=196#breadcrumb\",\"itemListElement\":[{\"@type\":\"ListItem\",\"position\":1,\"name\":\"Home\",\"item\":\"https:\/\/www.autoescuelatriangulo.com\/website\/\"},{\"@type\":\"ListItem\",\"position\":2,\"name\":\"Donde estamos\"}]},{\"@type\":\"WebSite\",\"@id\":\"https:\/\/www.autoescuelatriangulo.com\/website\/#website\",\"url\":\"https:\/\/www.autoescuelatriangulo.com\/website\/\",\"name\":\"Autoescuela Tri\u00e1ngulo\",\"description\":\"Autoescuela y formaci\u00f3n\",\"potentialAction\":[{\"@type\":\"SearchAction\",\"target\":{\"@type\":\"EntryPoint\",\"urlTemplate\":\"https:\/\/www.autoescuelatriangulo.com\/website\/?s={search_term_string}\"},\"query-input\":{\"@type\":\"PropertyValueSpecification\",\"valueRequired\":true,\"valueName\":\"search_term_string\"}}],\"inLanguage\":\"es\"}]}<\/script>\n<!-- \/ Yoast SEO plugin. -->","yoast_head_json":{"title":"Donde estamos - Autoescuela Tri\u00e1ngulo","robots":{"index":"index","follow":"follow","max-snippet":"max-snippet:-1","max-image-preview":"max-image-preview:large","max-video-preview":"max-video-preview:-1"},"canonical":"http:\/\/www.autoescuelatriangulo.com\/website\/?page_id=196","og_locale":"es_ES","og_type":"article","og_title":"Donde estamos - Autoescuela Tri\u00e1ngulo","og_description":"[vc_row bg_image=\u00bb353&#8243; bg_position=\u00bbcenter center\u00bb][vc_column width=\u00bb2\/3&#8243;][vc_tta_tabs][vc_tta_section i_icon_fontawesome=\u00bbfa fa-globe\u00bb add_icon=\u00bbtrue\u00bb title=\u00bbVILLABLINO\u00bb tab_id=\u00bb1536768177545-99c69d4f-e72e\u00bb][vc_column_text] C\/ Leitariegos, 19 24100 Villablino (Le\u00f3n) Tel\u00e9fono: 987 470 293 ATENCI\u00d3N AL CLIENTE 10:00 &#8211; 13:00 16:00 &#8211; 21:00 CLASES TE\u00d3RICAS 10:30 &#8211; 11:30 17:00 &#8211; 18:00 CLASES PR\u00c1CTICAS 07:00 &#8211; 22:00 Ininterrumpido [\/vc_column_text][button title=\u00bbVER MAPA \u00bb link=\u00bbhttps:\/\/www.google.es\/maps?q=Calle+de+los+Leitariegos,+9,+Villablino&amp;hl=es&amp;ie=UTF8&amp;sll=43.176796,-6.213493&amp;sspn=0.605879,1.234589&amp;oq=CALLE+LEITARIEGOS,+9,+VILLablino&amp;hnear=Calle+de+los+Leitariegos,+9,+24100+Villablino,+Le%C3%B3n,+Castilla+y+Le%C3%B3n&amp;t=m&amp;z=16&#8243; icon=\u00bbsteadysets-icon-search\u00bb][media image=\u00bb555&#8243;][\/vc_tta_section][vc_tta_section i_icon_fontawesome=\u00bbfa fa-globe\u00bb add_icon=\u00bbtrue\u00bb title=\u00bbPONFERRADA\u00bb tab_id=\u00bb1536768177560-26dc2f48-f1f7&#8243;][vc_column_text] [&hellip;]","og_url":"http:\/\/www.autoescuelatriangulo.com\/website\/?page_id=196","og_site_name":"Autoescuela Tri\u00e1ngulo","article_modified_time":"2019-02-28T16:43:16+00:00","twitter_card":"summary_large_image","twitter_misc":{"Tiempo de lectura":"2 minutos"},"schema":{"@context":"https:\/\/schema.org","@graph":[{"@type":"WebPage","@id":"http:\/\/www.autoescuelatriangulo.com\/website\/?page_id=196","url":"http:\/\/www.autoescuelatriangulo.com\/website\/?page_id=196","name":"Donde estamos - Autoescuela Tri\u00e1ngulo","isPartOf":{"@id":"https:\/\/www.autoescuelatriangulo.com\/website\/#website"},"datePublished":"2018-09-14T09:04:38+00:00","dateModified":"2019-02-28T16:43:16+00:00","breadcrumb":{"@id":"http:\/\/www.autoescuelatriangulo.com\/website\/?page_id=196#breadcrumb"},"inLanguage":"es","potentialAction":[{"@type":"ReadAction","target":["http:\/\/www.autoescuelatriangulo.com\/website\/?page_id=196"]}]},{"@type":"BreadcrumbList","@id":"http:\/\/www.autoescuelatriangulo.com\/website\/?page_id=196#breadcrumb","itemListElement":[{"@type":"ListItem","position":1,"name":"Home","item":"https:\/\/www.autoescuelatriangulo.com\/website\/"},{"@type":"ListItem","position":2,"name":"Donde estamos"}]},{"@type":"WebSite","@id":"https:\/\/www.autoescuelatriangulo.com\/website\/#website","url":"https:\/\/www.autoescuelatriangulo.com\/website\/","name":"Autoescuela Tri\u00e1ngulo","description":"Autoescuela y formaci\u00f3n","potentialAction":[{"@type":"SearchAction","target":{"@type":"EntryPoint","urlTemplate":"https:\/\/www.autoescuelatriangulo.com\/website\/?s={search_term_string}"},"query-input":{"@type":"PropertyValueSpecification","valueRequired":true,"valueName":"search_term_string"}}],"inLanguage":"es"}]}},"_links":{"self":[{"href":"https:\/\/www.autoescuelatriangulo.com\/website\/index.php?rest_route=\/wp\/v2\/pages\/196","targetHints":{"allow":["GET"]}}],"collection":[{"href":"https:\/\/www.autoescuelatriangulo.com\/website\/index.php?rest_route=\/wp\/v2\/pages"}],"about":[{"href":"https:\/\/www.autoescuelatriangulo.com\/website\/index.php?rest_route=\/wp\/v2\/types\/page"}],"author":[{"embeddable":true,"href":"https:\/\/www.autoescuelatriangulo.com\/website\/index.php?rest_route=\/wp\/v2\/users\/1"}],"replies":[{"embeddable":true,"href":"https:\/\/www.autoescuelatriangulo.com\/website\/index.php?rest_route=%2Fwp%2Fv2%2Fcomments&post=196"}],"version-history":[{"count":22,"href":"https:\/\/www.autoescuelatriangulo.com\/website\/index.php?rest_route=\/wp\/v2\/pages\/196\/revisions"}],"predecessor-version":[{"id":728,"href":"https:\/\/www.autoescuelatriangulo.com\/website\/index.php?rest_route=\/wp\/v2\/pages\/196\/revisions\/728"}],"wp:attachment":[{"href":"https:\/\/www.autoescuelatriangulo.com\/website\/index.php?rest_route=%2Fwp%2Fv2%2Fmedia&parent=196"}],"curies":[{"name":"wp","href":"https:\/\/api.w.org\/{rel}","templated":true}]}}