{"id":167,"date":"2016-12-23T21:27:35","date_gmt":"2016-12-23T21:27:35","guid":{"rendered":"http:\/\/thesimple.ellethemes.com\/simple\/?page_id=167"},"modified":"2018-09-25T16:30:52","modified_gmt":"2018-09-25T16:30:52","slug":"contact-us","status":"publish","type":"page","link":"https:\/\/www.autoescuelatriangulo.com\/website\/?page_id=167","title":{"rendered":"Sugerencias"},"content":{"rendered":"<p>[vc_row type=\u00bbfull_width_background\u00bb bg_image=\u00bb274&#8243;][vc_column width=\u00bb1\/2&#8243;][vc_custom_heading text=\u00bbSUGERENCIAS\u00bb font_container=\u00bbtag:h1|font_size:40px|text_align:left|color:%23c4de0d\u00bb google_fonts=\u00bbfont_family:Hind%3A300%2Cregular%2C500%2C600%2C700|font_style:600%20bold%20regular%3A600%3Anormal\u00bb][separator width=\u00bb100%\u00bb height=\u00bb1px\u00bb color=\u00bb#4c4c4c\u00bb margin_top=\u00bb2px\u00bb margin_bottom=\u00bb10px\u00bb][vc_column_text]\u00bfQuieres ayudar a mejorar los servicios de\u00a0<strong>Autoescuela Tri\u00e1ngulo<\/strong>? Env\u00edanos tus opiniones y sugerencias. Dinos lo que te gusta, lo que cambiar\u00edas o cualquier aspecto que crees que se puede mejorar de nuestro servicio.[\/vc_column_text][media image=\u00bb312&#8243;][vc_empty_space height=\u00bb40px\u00bb][vc_column_text]<span style=\"font-size: 12px;\"><strong>Pol\u00edtica de confidencialidad<\/strong><br \/>\nLa direcci\u00f3n de email comunicada s\u00f3lo ser\u00e1 usada para ponernos en contacto con usted en caso necesario. Su direcci\u00f3n de correo no ser\u00e1 usada para ning\u00fan otro prop\u00f3sito ni ser\u00e1 almacenada en ninguna base de datos.<\/span>[\/vc_column_text][\/vc_column][vc_column width=\u00bb1\/2&#8243; background_color=\u00bb#c4de0d\u00bb][vc_empty_space height=\u00bb20px\u00bb][vc_custom_heading text=\u00bbCOMPLETA EL FORMULARIO\u00bb font_container=\u00bbtag:h2|font_size:20px|text_align:center\u00bb google_fonts=\u00bbfont_family:Hind%3A300%2Cregular%2C500%2C600%2C700|font_style:600%20bold%20regular%3A600%3Anormal\u00bb]<div role=\"form\" class=\"wpcf7\" id=\"wpcf7-f189-o1\" lang=\"en-US\" dir=\"ltr\">\n<div class=\"screen-reader-response\"><\/div>\n<form action=\"\/website\/index.php?rest_route=%2Fwp%2Fv2%2Fpages%2F167#wpcf7-f189-o1\" method=\"post\" class=\"wpcf7-form\" novalidate=\"novalidate\">\n<div style=\"display: none;\">\n<input type=\"hidden\" name=\"_wpcf7\" value=\"189\" \/>\n<input type=\"hidden\" name=\"_wpcf7_version\" value=\"5.0.4\" \/>\n<input type=\"hidden\" name=\"_wpcf7_locale\" value=\"en_US\" \/>\n<input type=\"hidden\" name=\"_wpcf7_unit_tag\" value=\"wpcf7-f189-o1\" \/>\n<input type=\"hidden\" name=\"_wpcf7_container_post\" value=\"0\" \/>\n<\/div>\n<p><label> Nombre*<br \/>\n    <span class=\"wpcf7-form-control-wrap your-name\"><input type=\"text\" name=\"your-name\" value=\"\" size=\"40\" class=\"wpcf7-form-control wpcf7-text wpcf7-validates-as-required\" aria-required=\"true\" aria-invalid=\"false\" \/><\/span> <\/label><\/p>\n<p><label> E-mail*<br \/>\n    <span class=\"wpcf7-form-control-wrap your-email\"><input type=\"email\" name=\"your-email\" value=\"\" size=\"40\" class=\"wpcf7-form-control wpcf7-text wpcf7-email wpcf7-validates-as-required wpcf7-validates-as-email\" aria-required=\"true\" aria-invalid=\"false\" \/><\/span> <\/label><\/p>\n<p><label> Asunto*<br \/>\n    <span class=\"wpcf7-form-control-wrap your-subject\"><input type=\"text\" name=\"your-subject\" value=\"\" size=\"40\" class=\"wpcf7-form-control wpcf7-text\" aria-invalid=\"false\" \/><\/span> <\/label><\/p>\n<p><label> Mensaje*<br \/>\n    <span class=\"wpcf7-form-control-wrap your-message\"><textarea name=\"your-message\" cols=\"40\" rows=\"10\" class=\"wpcf7-form-control wpcf7-textarea\" aria-invalid=\"false\"><\/textarea><\/span> <\/label><\/p>\n<p><input type=\"submit\" value=\"Enviar\" class=\"wpcf7-form-control wpcf7-submit\" \/><\/p>\n<div class=\"wpcf7-response-output wpcf7-display-none\"><\/div><\/form><\/div>[\/vc_column][\/vc_row]<\/p>\n","protected":false},"excerpt":{"rendered":"<p>[vc_row type=\u00bbfull_width_background\u00bb bg_image=\u00bb274&#8243;][vc_column width=\u00bb1\/2&#8243;][vc_custom_heading text=\u00bbSUGERENCIAS\u00bb font_container=\u00bbtag:h1|font_size:40px|text_align:left|color:%23c4de0d\u00bb google_fonts=\u00bbfont_family:Hind%3A300%2Cregular%2C500%2C600%2C700|font_style:600%20bold%20regular%3A600%3Anormal\u00bb][separator width=\u00bb100%\u00bb height=\u00bb1px\u00bb color=\u00bb#4c4c4c\u00bb margin_top=\u00bb2px\u00bb margin_bottom=\u00bb10px\u00bb][vc_column_text]\u00bfQuieres ayudar a mejorar los servicios de\u00a0Autoescuela Tri\u00e1ngulo? Env\u00edanos tus opiniones y sugerencias. Dinos lo que te gusta, lo que cambiar\u00edas o cualquier aspecto que crees que se puede mejorar de nuestro servicio.[\/vc_column_text][media image=\u00bb312&#8243;][vc_empty_space height=\u00bb40px\u00bb][vc_column_text]Pol\u00edtica de confidencialidad La direcci\u00f3n de email comunicada s\u00f3lo ser\u00e1 [&hellip;]<\/p>\n","protected":false},"author":1,"featured_media":0,"parent":0,"menu_order":0,"comment_status":"closed","ping_status":"closed","template":"","meta":{"footnotes":""},"class_list":["post-167","page","type-page","status-publish","hentry"],"yoast_head":"<!-- This site is optimized with the Yoast SEO plugin v25.9 - https:\/\/yoast.com\/wordpress\/plugins\/seo\/ -->\n<title>Sugerencias - Autoescuela Tri\u00e1ngulo<\/title>\n<meta name=\"robots\" content=\"index, follow, max-snippet:-1, max-image-preview:large, max-video-preview:-1\" \/>\n<link rel=\"canonical\" href=\"https:\/\/www.autoescuelatriangulo.com\/website\/?page_id=167\" \/>\n<meta property=\"og:locale\" content=\"es_ES\" \/>\n<meta property=\"og:type\" content=\"article\" \/>\n<meta property=\"og:title\" content=\"Sugerencias - Autoescuela Tri\u00e1ngulo\" \/>\n<meta property=\"og:description\" content=\"[vc_row type=\u00bbfull_width_background\u00bb bg_image=\u00bb274&#8243;][vc_column width=\u00bb1\/2&#8243;][vc_custom_heading text=\u00bbSUGERENCIAS\u00bb font_container=\u00bbtag:h1|font_size:40px|text_align:left|color:%23c4de0d\u00bb google_fonts=\u00bbfont_family:Hind%3A300%2Cregular%2C500%2C600%2C700|font_style:600%20bold%20regular%3A600%3Anormal\u00bb][separator width=\u00bb100%\u00bb height=\u00bb1px\u00bb color=\u00bb#4c4c4c\u00bb margin_top=\u00bb2px\u00bb margin_bottom=\u00bb10px\u00bb][vc_column_text]\u00bfQuieres ayudar a mejorar los servicios de\u00a0Autoescuela Tri\u00e1ngulo? Env\u00edanos tus opiniones y sugerencias. Dinos lo que te gusta, lo que cambiar\u00edas o cualquier aspecto que crees que se puede mejorar de nuestro servicio.[\/vc_column_text][media image=\u00bb312&#8243;][vc_empty_space height=\u00bb40px\u00bb][vc_column_text]Pol\u00edtica de confidencialidad La direcci\u00f3n de email comunicada s\u00f3lo ser\u00e1 [&hellip;]\" \/>\n<meta property=\"og:url\" content=\"https:\/\/www.autoescuelatriangulo.com\/website\/?page_id=167\" \/>\n<meta property=\"og:site_name\" content=\"Autoescuela Tri\u00e1ngulo\" \/>\n<meta property=\"article:modified_time\" content=\"2018-09-25T16:30:52+00:00\" \/>\n<meta name=\"twitter:card\" content=\"summary_large_image\" \/>\n<meta name=\"twitter:label1\" content=\"Tiempo de lectura\" \/>\n\t<meta name=\"twitter:data1\" content=\"1 minuto\" \/>\n<script type=\"application\/ld+json\" class=\"yoast-schema-graph\">{\"@context\":\"https:\/\/schema.org\",\"@graph\":[{\"@type\":\"WebPage\",\"@id\":\"https:\/\/www.autoescuelatriangulo.com\/website\/?page_id=167\",\"url\":\"https:\/\/www.autoescuelatriangulo.com\/website\/?page_id=167\",\"name\":\"Sugerencias - Autoescuela Tri\u00e1ngulo\",\"isPartOf\":{\"@id\":\"https:\/\/www.autoescuelatriangulo.com\/website\/#website\"},\"datePublished\":\"2016-12-23T21:27:35+00:00\",\"dateModified\":\"2018-09-25T16:30:52+00:00\",\"breadcrumb\":{\"@id\":\"https:\/\/www.autoescuelatriangulo.com\/website\/?page_id=167#breadcrumb\"},\"inLanguage\":\"es\",\"potentialAction\":[{\"@type\":\"ReadAction\",\"target\":[\"https:\/\/www.autoescuelatriangulo.com\/website\/?page_id=167\"]}]},{\"@type\":\"BreadcrumbList\",\"@id\":\"https:\/\/www.autoescuelatriangulo.com\/website\/?page_id=167#breadcrumb\",\"itemListElement\":[{\"@type\":\"ListItem\",\"position\":1,\"name\":\"Home\",\"item\":\"https:\/\/www.autoescuelatriangulo.com\/website\/\"},{\"@type\":\"ListItem\",\"position\":2,\"name\":\"Sugerencias\"}]},{\"@type\":\"WebSite\",\"@id\":\"https:\/\/www.autoescuelatriangulo.com\/website\/#website\",\"url\":\"https:\/\/www.autoescuelatriangulo.com\/website\/\",\"name\":\"Autoescuela Tri\u00e1ngulo\",\"description\":\"Autoescuela y formaci\u00f3n\",\"potentialAction\":[{\"@type\":\"SearchAction\",\"target\":{\"@type\":\"EntryPoint\",\"urlTemplate\":\"https:\/\/www.autoescuelatriangulo.com\/website\/?s={search_term_string}\"},\"query-input\":{\"@type\":\"PropertyValueSpecification\",\"valueRequired\":true,\"valueName\":\"search_term_string\"}}],\"inLanguage\":\"es\"}]}<\/script>\n<!-- \/ Yoast SEO plugin. -->","yoast_head_json":{"title":"Sugerencias - Autoescuela Tri\u00e1ngulo","robots":{"index":"index","follow":"follow","max-snippet":"max-snippet:-1","max-image-preview":"max-image-preview:large","max-video-preview":"max-video-preview:-1"},"canonical":"https:\/\/www.autoescuelatriangulo.com\/website\/?page_id=167","og_locale":"es_ES","og_type":"article","og_title":"Sugerencias - Autoescuela Tri\u00e1ngulo","og_description":"[vc_row type=\u00bbfull_width_background\u00bb bg_image=\u00bb274&#8243;][vc_column width=\u00bb1\/2&#8243;][vc_custom_heading text=\u00bbSUGERENCIAS\u00bb font_container=\u00bbtag:h1|font_size:40px|text_align:left|color:%23c4de0d\u00bb google_fonts=\u00bbfont_family:Hind%3A300%2Cregular%2C500%2C600%2C700|font_style:600%20bold%20regular%3A600%3Anormal\u00bb][separator width=\u00bb100%\u00bb height=\u00bb1px\u00bb color=\u00bb#4c4c4c\u00bb margin_top=\u00bb2px\u00bb margin_bottom=\u00bb10px\u00bb][vc_column_text]\u00bfQuieres ayudar a mejorar los servicios de\u00a0Autoescuela Tri\u00e1ngulo? Env\u00edanos tus opiniones y sugerencias. Dinos lo que te gusta, lo que cambiar\u00edas o cualquier aspecto que crees que se puede mejorar de nuestro servicio.[\/vc_column_text][media image=\u00bb312&#8243;][vc_empty_space height=\u00bb40px\u00bb][vc_column_text]Pol\u00edtica de confidencialidad La direcci\u00f3n de email comunicada s\u00f3lo ser\u00e1 [&hellip;]","og_url":"https:\/\/www.autoescuelatriangulo.com\/website\/?page_id=167","og_site_name":"Autoescuela Tri\u00e1ngulo","article_modified_time":"2018-09-25T16:30:52+00:00","twitter_card":"summary_large_image","twitter_misc":{"Tiempo de lectura":"1 minuto"},"schema":{"@context":"https:\/\/schema.org","@graph":[{"@type":"WebPage","@id":"https:\/\/www.autoescuelatriangulo.com\/website\/?page_id=167","url":"https:\/\/www.autoescuelatriangulo.com\/website\/?page_id=167","name":"Sugerencias - Autoescuela Tri\u00e1ngulo","isPartOf":{"@id":"https:\/\/www.autoescuelatriangulo.com\/website\/#website"},"datePublished":"2016-12-23T21:27:35+00:00","dateModified":"2018-09-25T16:30:52+00:00","breadcrumb":{"@id":"https:\/\/www.autoescuelatriangulo.com\/website\/?page_id=167#breadcrumb"},"inLanguage":"es","potentialAction":[{"@type":"ReadAction","target":["https:\/\/www.autoescuelatriangulo.com\/website\/?page_id=167"]}]},{"@type":"BreadcrumbList","@id":"https:\/\/www.autoescuelatriangulo.com\/website\/?page_id=167#breadcrumb","itemListElement":[{"@type":"ListItem","position":1,"name":"Home","item":"https:\/\/www.autoescuelatriangulo.com\/website\/"},{"@type":"ListItem","position":2,"name":"Sugerencias"}]},{"@type":"WebSite","@id":"https:\/\/www.autoescuelatriangulo.com\/website\/#website","url":"https:\/\/www.autoescuelatriangulo.com\/website\/","name":"Autoescuela Tri\u00e1ngulo","description":"Autoescuela y formaci\u00f3n","potentialAction":[{"@type":"SearchAction","target":{"@type":"EntryPoint","urlTemplate":"https:\/\/www.autoescuelatriangulo.com\/website\/?s={search_term_string}"},"query-input":{"@type":"PropertyValueSpecification","valueRequired":true,"valueName":"search_term_string"}}],"inLanguage":"es"}]}},"_links":{"self":[{"href":"https:\/\/www.autoescuelatriangulo.com\/website\/index.php?rest_route=\/wp\/v2\/pages\/167","targetHints":{"allow":["GET"]}}],"collection":[{"href":"https:\/\/www.autoescuelatriangulo.com\/website\/index.php?rest_route=\/wp\/v2\/pages"}],"about":[{"href":"https:\/\/www.autoescuelatriangulo.com\/website\/index.php?rest_route=\/wp\/v2\/types\/page"}],"author":[{"embeddable":true,"href":"https:\/\/www.autoescuelatriangulo.com\/website\/index.php?rest_route=\/wp\/v2\/users\/1"}],"replies":[{"embeddable":true,"href":"https:\/\/www.autoescuelatriangulo.com\/website\/index.php?rest_route=%2Fwp%2Fv2%2Fcomments&post=167"}],"version-history":[{"count":41,"href":"https:\/\/www.autoescuelatriangulo.com\/website\/index.php?rest_route=\/wp\/v2\/pages\/167\/revisions"}],"predecessor-version":[{"id":385,"href":"https:\/\/www.autoescuelatriangulo.com\/website\/index.php?rest_route=\/wp\/v2\/pages\/167\/revisions\/385"}],"wp:attachment":[{"href":"https:\/\/www.autoescuelatriangulo.com\/website\/index.php?rest_route=%2Fwp%2Fv2%2Fmedia&parent=167"}],"curies":[{"name":"wp","href":"https:\/\/api.w.org\/{rel}","templated":true}]}}